{"id":431,"date":"2025-09-06T08:14:13","date_gmt":"2025-09-06T08:14:13","guid":{"rendered":"https:\/\/bdsmloveroom.com\/studio-xeme-bdsm-dungeon-paris-france\/"},"modified":"2025-12-15T11:26:56","modified_gmt":"2025-12-15T11:26:56","slug":"studio-xeme-bdsm-dungeon-paris-france","status":"publish","type":"page","link":"https:\/\/bdsmloveroom.com\/en\/","title":{"rendered":"Studio X\u00e8me &#8211; BDSM Dungeon- Paris, France"},"content":{"rendered":"<p>[et_pb_section fb_built=&#8221;1&#8243; admin_label=&#8221;Header&#8221; _builder_version=&#8221;4.27.4&#8243; _module_preset=&#8221;default&#8221; use_background_color_gradient=&#8221;on&#8221; background_color_gradient_stops=&#8221;rgba(44,42,39,0.6) 0%|rgba(44,42,39,0.6) 100%&#8221; background_color_gradient_overlays_image=&#8221;on&#8221; background_image=&#8221;https:\/\/bdsmloveroom.com\/wp-content\/uploads\/2025\/09\/Paris-Bondage-Plarform.jpg&#8221; parallax=&#8221;on&#8221; min_height=&#8221;100vh&#8221; custom_padding=&#8221;18vw||12vw||false|false&#8221; locked=&#8221;off&#8221; collapsed=&#8221;on&#8221; global_colors_info=&#8221;{}&#8221;][et_pb_row _builder_version=&#8221;4.23.2&#8243; _module_preset=&#8221;default&#8221; max_width=&#8221;none&#8221; global_colors_info=&#8221;{}&#8221;][et_pb_column type=&#8221;4_4&#8243; _builder_version=&#8221;4.23.2&#8243; _module_preset=&#8221;default&#8221; global_colors_info=&#8221;{}&#8221;][et_pb_divider show_divider=&#8221;off&#8221; _builder_version=&#8221;4.23.2&#8243; _module_preset=&#8221;default&#8221; width=&#8221;30px&#8221; height=&#8221;30px&#8221; custom_margin=&#8221;||30px||false|false&#8221; border_color_all=&#8221;#9ea38f&#8221; border_width_top=&#8221;1px&#8221; border_width_left=&#8221;1px&#8221; locked=&#8221;off&#8221; global_colors_info=&#8221;{}&#8221;][\/et_pb_divider][et_pb_text _builder_version=&#8221;4.27.4&#8243; _module_preset=&#8221;6b041728-3a32-4fd5-9856-132d5d9ada11&#8243; header_4_text_color=&#8221;#FFFFFF&#8221; global_colors_info=&#8221;{}&#8221;]<\/p>\n<h4>Studio X\u00e8me<\/h4>\n<p>[\/et_pb_text][et_pb_text _builder_version=&#8221;4.27.5&#8243; _module_preset=&#8221;e65744bf-051e-4fe8-858d-cee628be0788&#8243; text_text_color=&#8221;#000000&#8243; header_text_color=&#8221;#FFFFFF&#8221; width=&#8221;95.8%&#8221; custom_margin=&#8221;|-281px|10px||false|false&#8221; text_text_shadow_style=&#8221;preset3&#8243; text_text_shadow_horizontal_length=&#8221;0.19em&#8221; text_text_shadow_vertical_length=&#8221;0.28em&#8221; text_text_shadow_color=&#8221;#8F8F8F&#8221; global_colors_info=&#8221;{}&#8221;]<\/p>\n<h1 style=\"text-align: center;\"><span style=\"font-weight: 400;\">Private Paris Dungeon<\/span><span style=\"font-weight: 400;\"><\/span><\/h1>\n<h2 style=\"text-align: center;\"><span style=\"font-weight: 400;\">A Secret in the heart of Paris<\/span><\/h2>\n<p>[\/et_pb_text][et_pb_button button_url=&#8221;https:\/\/dominam.as.me\/schedule\/6ea4e9fa?categories%5B%5D=Studio+X%C3%A8me+%28English%29&#8243; button_text=&#8221;See availability&#8221; _builder_version=&#8221;4.27.4&#8243; _module_preset=&#8221;da75c772-44cf-45f3-923d-6b0551aeb29e&#8221; global_colors_info=&#8221;{}&#8221;][\/et_pb_button][\/et_pb_column][\/et_pb_row][\/et_pb_section][et_pb_section fb_built=&#8221;1&#8243; admin_label=&#8221;Feature&#8221; _builder_version=&#8221;4.27.4&#8243; _module_preset=&#8221;default&#8221; background_color=&#8221;#8F8F8F&#8221; background_enable_image=&#8221;off&#8221; background_size=&#8221;custom&#8221; background_image_width=&#8221;10%&#8221; background_position=&#8221;bottom_right&#8221; collapsed=&#8221;on&#8221; global_colors_info=&#8221;{}&#8221;][et_pb_row _builder_version=&#8221;4.27.4&#8243; _module_preset=&#8221;default&#8221; global_colors_info=&#8221;{}&#8221;][et_pb_column type=&#8221;4_4&#8243; _builder_version=&#8221;4.27.4&#8243; _module_preset=&#8221;default&#8221; global_colors_info=&#8221;{}&#8221;][et_pb_text _builder_version=&#8221;4.27.4&#8243; _module_preset=&#8221;default&#8221; global_colors_info=&#8221;{}&#8221;]<\/p>\n<p><span style=\"font-weight: 400; color: #000000;\">Are you ready to break free from the mundane and dive headfirst into a realm brimming with passion and exploration? Reserve your private time now for a tantalizing escape that will ignite your senses and awaken your innermost desires. Take an exotic adventure for a few hours or a weekend without leaving central Paris.  <\/span><\/p>\n<p><span style=\"font-weight: 400; color: #000000;\">Explore your kinks and perversions in comfort and style in Paris&#8217; best-equipped dungeon while in complete privacy. Studio X\u00e8me is more than the typical BDSM room with just a cross, a bench, and a crop; it is a complete dungeon experience with the pinnacle of German-engineered steel furniture. Nestled in the enchanting heart of Paris, this exclusive BDSM dungeon invites you to indulge in your wildest fantasies. Whether you&#8217;re an experienced aficionado or a curious soul eager to explore, Studio X\u00e8me promises an unforgettable experience.<br \/>Why Hire a Private dungeon?    <\/span><\/p>\n<p><span style=\"font-weight: 400; color: #000000;\">Kinksters and the curious from across the globe, or across the street in central Paris, have tasted the excitement on offer in Studio X\u00e8me. Two driving themes entice them and bring them back again and again. <\/span><\/p>\n<p><span style=\"font-weight: 400; color: #000000;\"><strong>Privacy<\/strong> &#8211; Studio X\u00e8me is not a club. It is a private residence that has been converted into a playspace.Intimit\u00e9 \u2013 Le Studio X\u00e8me n&#8217;est pas un club. C&#8217;est une r\u00e9sidence priv\u00e9e transform\u00e9e en espace de jeu. <\/span><\/p>\n<p><span style=\"font-weight: 400; color: #000000;\"><strong>The Equipment<\/strong> &#8211; BDSM equipment is expensive. Renting the dungeon allows you and your partner to play with an extensive choice of different toys. You can get to know what you like before you invest in your own toys.  <\/span><\/p>\n<p>[\/et_pb_text][et_pb_video src=&#8221;https:\/\/youtu.be\/1h0LbSQ0Auw&#8221; image_src=&#8221;https:\/\/bdsmloveroom.com\/wp-content\/uploads\/2025\/09\/Studio-Xeme-BDSM-Dungeon-Paris-scaled-e1765487553757.jpg&#8221; _builder_version=&#8221;4.27.4&#8243; _module_preset=&#8221;default&#8221; global_colors_info=&#8221;{}&#8221;][\/et_pb_video][\/et_pb_column][\/et_pb_row][\/et_pb_section][et_pb_section fb_built=&#8221;1&#8243; admin_label=&#8221;Services&#8221; _builder_version=&#8221;4.27.4&#8243; _module_preset=&#8221;default&#8221; background_color=&#8221;#1A0052&#8243; locked=&#8221;off&#8221; collapsed=&#8221;on&#8221; global_colors_info=&#8221;{}&#8221;][et_pb_row _builder_version=&#8221;4.27.4&#8243; _module_preset=&#8221;default&#8221; global_colors_info=&#8221;{}&#8221;][et_pb_column type=&#8221;4_4&#8243; _builder_version=&#8221;4.27.4&#8243; _module_preset=&#8221;default&#8221; global_colors_info=&#8221;{}&#8221;][et_pb_text _builder_version=&#8221;4.27.5&#8243; _module_preset=&#8221;default&#8221; hover_enabled=&#8221;0&#8243; global_colors_info=&#8221;{}&#8221; sticky_enabled=&#8221;0&#8243;]<\/p>\n<h2><span style=\"font-weight: 400; color: #ffffff;\">Luxurious Equipment that Inspires<\/span><\/h2>\n<p><span style=\"font-weight: 400; color: #ffffff;\">Revel in the unparalleled comfort and safety of our exquisitely designed, German-engineered steel furniture. Each uniquely crafted piece is made for versatility, ensuring an adventure that transcends your wildest dreams. <\/span><\/p>\n<h2><span style=\"font-weight: 400; color: #ffffff;\">Fantasy Furniture <\/span><\/h2>\n<p><span style=\"font-weight: 400; color: #ffffff;\">The deviant creators at EvilToys.de crafted all the furniture in Studio X\u00e8me. Each piece has multiple uses, catering to a multitude of fantasies and scenarios. The sturdy steel construction, paired with luxurious, thick faux-leather padding, keeps you and your partner safe and comfortable. The only discomfort felt will be on purpose. <\/span><\/p>\n<h2><span style=\"font-weight: 400; color: #ffffff;\">Exotic Implements<\/span><\/h2>\n<p><span style=\"font-weight: 400; color: #ffffff;\">Of course, there are traditional corporal implements, gags, hoods, rope, collars, and the like, but also a wide selection of the newest kink technology. Try your hand at electrics with the TENS stim unit or the violet wand. Indulge yourself and your partner with the &#8220;Forced Pleasure&#8221; collection of the Tremblr milking machine, the Handy stimulator, or the relentless F-machine. <\/span><\/p>\n<p><span style=\"color: #ffffff;\"><a href=\"https:\/\/bdsmloveroom.com\/en\/bdsm-equipment\/\" style=\"color: #ffffff;\"><strong>Learn more about the equipment.\u21d2<\/strong><\/a><\/span><\/p>\n<h2><span style=\"font-weight: 400; color: #ffffff;\">Absolute Privacy Assured<\/span><\/h2>\n<p><span style=\"font-weight: 400; color: #ffffff;\">Immediately after booking, you will automatically receive an email with the studio&#8217;s entrance information. Enjoy discreet access to your personal oasis, where you can explore your deepest kinks in total seclusion. With a personalized entry code, you are in command of your kinky escapade from start to finish. <\/span><\/p>\n<h2><span style=\"font-weight: 400; color: #ffffff;\">Impeccable Hygiene Standards<\/span><\/h2>\n<p><span style=\"font-weight: 400; color: #ffffff;\">Your safety and comfort are the utmost priority. The dungeon is meticulously cleaned and sanitized after each session, meeting standards that exceed even hospital protocols. Focus solely on your pleasure, knowing you are in a pristine environment. <\/span><\/p>\n<h2><span style=\"font-weight: 400; color: #ffffff;\">Create Photos or Video for Content Creation or your Secret Stash<\/span><\/h2>\n<p><span style=\"font-weight: 400; color: #ffffff;\">Whether you wish to film your daring escapades or create lasting memories through stunning photographs, our stunning space provides the perfect backdrop for your creative expressions. Forgot your camera? We have kink-friendly, but professional videographers and photographers available for hire. <\/span><\/p>\n<p><a href=\"https:\/\/bdsmloveroom.com\/bdsm-experience\/\"><span style=\"color: #ffffff;\"><strong>Learn more about adventure extras\u21d2<\/strong><\/span><\/a><\/p>\n<p>[\/et_pb_text][\/et_pb_column][\/et_pb_row][\/et_pb_section][et_pb_section fb_built=&#8221;1&#8243; admin_label=&#8221;Call to Action&#8221; _builder_version=&#8221;4.27.4&#8243; _module_preset=&#8221;default&#8221; background_color=&#8221;#8F8F8F&#8221; background_enable_image=&#8221;off&#8221; background_size=&#8221;initial&#8221; background_position=&#8221;bottom_center&#8221; collapsed=&#8221;on&#8221; global_colors_info=&#8221;{}&#8221;][et_pb_row _builder_version=&#8221;4.27.4&#8243; _module_preset=&#8221;default&#8221; global_colors_info=&#8221;{}&#8221;][et_pb_column type=&#8221;4_4&#8243; _builder_version=&#8221;4.27.4&#8243; _module_preset=&#8221;default&#8221; global_colors_info=&#8221;{}&#8221;][et_pb_text _builder_version=&#8221;4.27.4&#8243; _module_preset=&#8221;default&#8221; global_colors_info=&#8221;{}&#8221;]<\/p>\n<h2><span style=\"font-weight: 400; color: #000000;\">Dungeon Hire in Paris<\/span><\/h2>\n<p><span style=\"font-weight: 400; color: #000000;\">Reserve your session at Studio X\u00e8me and embark on an exhilarating journey filled with passion, exploration, and unforgettable moments. Are you ready to unleash your wild side and embrace the adventure that awaits? <\/span><\/p>\n<p>[\/et_pb_text][et_pb_image src=&#8221;https:\/\/bdsmloveroom.com\/wp-content\/uploads\/2025\/09\/GynoSwing-scaled-e1765483188542.jpg&#8221; alt=&#8221;Suspended Gyno Chair&#8221; title_text=&#8221;GynoSwing&#8221; align=&#8221;center&#8221; _builder_version=&#8221;4.27.4&#8243; _module_preset=&#8221;default&#8221; box_shadow_style=&#8221;preset2&#8243; global_colors_info=&#8221;{}&#8221;][\/et_pb_image][et_pb_button button_url=&#8221;https:\/\/bdsmloveroom.com\/equipement-bdsm\/&#8221; button_text=&#8221;Bondage furniture&#8221; _builder_version=&#8221;4.27.4&#8243; _module_preset=&#8221;63c76274-537c-4358-acc5-e70c1a2a2b65&#8243; button_bg_color=&#8221;#1A0052&#8243; button_border_color=&#8221;gcid-fc7afca1-7302-4e55-829d-3d445387c282&#8243; global_colors_info=&#8221;{%22gcid-fc7afca1-7302-4e55-829d-3d445387c282%22:%91%22button_border_color%22%93}&#8221;][\/et_pb_button][\/et_pb_column][\/et_pb_row][\/et_pb_section][et_pb_section fb_built=&#8221;1&#8243; admin_label=&#8221;Testimonials&#8221; _builder_version=&#8221;4.27.4&#8243; _module_preset=&#8221;default&#8221; background_enable_image=&#8221;off&#8221; background_size=&#8221;custom&#8221; background_image_width=&#8221;10%&#8221; background_position=&#8221;bottom_right&#8221; locked=&#8221;off&#8221; collapsed=&#8221;on&#8221; global_colors_info=&#8221;{}&#8221;][et_pb_row _builder_version=&#8221;4.23.2&#8243; _module_preset=&#8221;default&#8221; global_colors_info=&#8221;{}&#8221;][et_pb_column type=&#8221;4_4&#8243; _builder_version=&#8221;4.23.2&#8243; _module_preset=&#8221;default&#8221; global_colors_info=&#8221;{}&#8221;][et_pb_text _builder_version=&#8221;4.23.2&#8243; _module_preset=&#8221;0cb4d250-6296-4c27-977e-778cc06befe8&#8243; header_2_text_color=&#8221;gcid-3c3581c1-f373-4686-aa51-f9f01c8ffd79&#8243; text_orientation=&#8221;center&#8221; custom_margin=&#8221;||10px||false|false&#8221; global_colors_info=&#8221;{%22gcid-3c3581c1-f373-4686-aa51-f9f01c8ffd79%22:%91%22header_2_text_color%22%93}&#8221;]<\/p>\n<h2>Testimonials<\/h2>\n<p>[\/et_pb_text][et_pb_text _builder_version=&#8221;4.23.2&#8243; _module_preset=&#8221;96cdb00c-4e87-4054-9b9c-93570a17dfb4&#8243; text_font_size=&#8221;20px&#8221; text_letter_spacing=&#8221;3px&#8221; text_orientation=&#8221;center&#8221; global_colors_info=&#8221;{}&#8221;]<\/p>\n<p>\u2605\u2605\u2605\u2605\u2605<\/p>\n<p>[\/et_pb_text][et_pb_slider arrows_custom_color=&#8221;gcid-33ba488a-a977-4fcb-9562-ca062f22498f&#8221; dot_nav_custom_color=&#8221;gcid-33ba488a-a977-4fcb-9562-ca062f22498f&#8221; _builder_version=&#8221;4.27.4&#8243; _module_preset=&#8221;default&#8221; header_font=&#8221;Hedvig Letters Serif||||||||&#8221; header_text_color=&#8221;gcid-33ba488a-a977-4fcb-9562-ca062f22498f&#8221; header_font_size=&#8221;24px&#8221; header_line_height=&#8221;1.4em&#8221; body_font=&#8221;Hedvig Letters Serif||||||||&#8221; body_text_color=&#8221;gcid-3c3581c1-f373-4686-aa51-f9f01c8ffd79&#8243; body_font_size=&#8221;24px&#8221; body_line_height=&#8221;1.4em&#8221; background_color=&#8221;RGBA(255,255,255,0)&#8221; custom_button=&#8221;on&#8221; button_text_size=&#8221;13px&#8221; button_text_color=&#8221;#FFFFFF&#8221; button_bg_color=&#8221;gcid-33ba488a-a977-4fcb-9562-ca062f22498f&#8221; button_border_width=&#8221;6px&#8221; button_border_color=&#8221;#FFFFFF&#8221; button_border_radius=&#8221;0px&#8221; button_letter_spacing=&#8221;0.16em&#8221; button_font=&#8221;Inter|700||on|||||&#8221; button_custom_padding=&#8221;14px|20px|14px|20px|true|true&#8221; custom_padding=&#8221;0px||||false|false&#8221; header_font_size_tablet=&#8221;15px&#8221; header_font_size_phone=&#8221;15px&#8221; header_font_size_last_edited=&#8221;on|phone&#8221; body_font_size_tablet=&#8221;16px&#8221; body_font_size_phone=&#8221;15px&#8221; body_font_size_last_edited=&#8221;on|desktop&#8221; box_shadow_style_button=&#8221;preset4&#8243; box_shadow_spread_button=&#8221;-8px&#8221; box_shadow_color_button=&#8221;rgba(0,0,0,0.17)&#8221; text_shadow_style=&#8221;preset1&#8243; text_shadow_color=&#8221;RGBA(255,255,255,0)&#8221; locked=&#8221;off&#8221; global_colors_info=&#8221;{%22gcid-33ba488a-a977-4fcb-9562-ca062f22498f%22:%91%22button_bg_color%22,%22header_text_color%22,%22arrows_custom_color%22,%22dot_nav_custom_color%22%93,%22gcid-3c3581c1-f373-4686-aa51-f9f01c8ffd79%22:%91%22body_text_color%22%93}&#8221;][et_pb_slide heading=&#8221;%22It&apos;s like Disneyland for Adults! There is so much to try!%22&#8243; _builder_version=&#8221;4.27.4&#8243; _module_preset=&#8221;default&#8221; locked=&#8221;off&#8221; global_colors_info=&#8221;{}&#8221; sticky_transition=&#8221;on&#8221;][\/et_pb_slide][et_pb_slide heading=&#8221;\u00ab Je suis tellement contente que Paris ait maintenant un endroit comme celui-ci pour que les personnes aux penchants particuliers puissent se rencontrer en priv\u00e9. \u00bb&#8221; _builder_version=&#8221;4.27.4&#8243; _module_preset=&#8221;default&#8221; locked=&#8221;off&#8221; global_colors_info=&#8221;{}&#8221; sticky_transition=&#8221;on&#8221;][\/et_pb_slide][\/et_pb_slider][\/et_pb_column][\/et_pb_row][\/et_pb_section][et_pb_section fb_built=&#8221;1&#8243; admin_label=&#8221;Footer&#8221; _builder_version=&#8221;4.23.2&#8243; _module_preset=&#8221;default&#8221; background_color=&#8221;gcid-fc7afca1-7302-4e55-829d-3d445387c282&#8243; saved_tabs=&#8221;all&#8221; collapsed=&#8221;on&#8221; global_colors_info=&#8221;{%22gcid-fc7afca1-7302-4e55-829d-3d445387c282%22:%91%22background_color%22%93}&#8221;][et_pb_row _builder_version=&#8221;4.23.2&#8243; _module_preset=&#8221;default&#8221; global_colors_info=&#8221;{}&#8221;][et_pb_column type=&#8221;4_4&#8243; _builder_version=&#8221;4.23.2&#8243; _module_preset=&#8221;default&#8221; global_colors_info=&#8221;{}&#8221;][et_pb_text _builder_version=&#8221;4.27.4&#8243; _module_preset=&#8221;0cb4d250-6296-4c27-977e-778cc06befe8&#8243; header_2_text_color=&#8221;gcid-3c3581c1-f373-4686-aa51-f9f01c8ffd79&#8243; custom_margin=&#8221;||10px||false|false&#8221; global_colors_info=&#8221;{%22gcid-3c3581c1-f373-4686-aa51-f9f01c8ffd79%22:%91%22header_2_text_color%22%93}&#8221;]<\/p>\n<h2>Studio X\u00e8me, <span style=\"font-weight: 400;\">Secret BDSM dungeon in the heart of Paris<\/span><\/h2>\n<p>[\/et_pb_text][\/et_pb_column][\/et_pb_row][et_pb_row column_structure=&#8221;1_3,1_3,1_3&#8243; _builder_version=&#8221;4.23.2&#8243; _module_preset=&#8221;default&#8221; global_colors_info=&#8221;{}&#8221;][et_pb_column type=&#8221;1_3&#8243; _builder_version=&#8221;4.23.2&#8243; _module_preset=&#8221;default&#8221; global_colors_info=&#8221;{}&#8221;][et_pb_text _builder_version=&#8221;4.27.4&#8243; _module_preset=&#8221;fee4e57b-1a42-4158-a587-1661ddfaa355&#8243; header_5_text_color=&#8221;gcid-3c3581c1-f373-4686-aa51-f9f01c8ffd79&#8243; custom_margin=&#8221;||10px||false|false&#8221; global_colors_info=&#8221;{%22gcid-3c3581c1-f373-4686-aa51-f9f01c8ffd79%22:%91%22header_5_text_color%22%93}&#8221;]<\/p>\n<h3>Where?<\/h3>\n<p>[\/et_pb_text][et_pb_text _builder_version=&#8221;4.27.4&#8243; _module_preset=&#8221;c99bd6b3-1c6a-4cf1-8887-694aa6f48a63&#8243; text_text_color=&#8221;gcid-75f8feef-8e89-48de-a593-3e169dc48f01&#8243; global_colors_info=&#8221;{%22gcid-75f8feef-8e89-48de-a593-3e169dc48f01%22:%91%22text_text_color%22%93}&#8221;]<\/p>\n<p>Passage des R\u00e9collets<\/p>\n<p>75010 Paris, FRANCE<\/p>\n<p>[\/et_pb_text][et_pb_social_media_follow _builder_version=&#8221;4.27.4&#8243; _module_preset=&#8221;default&#8221; border_radii=&#8221;on|100px|100px|100px|100px&#8221; global_colors_info=&#8221;{}&#8221;][et_pb_social_media_follow_network social_network=&#8221;instagram&#8221; url=&#8221;https:\/\/instagram.com\/bd_smloveroom&#8221; _builder_version=&#8221;4.27.4&#8243; _module_preset=&#8221;default&#8221; background_color=&#8221;gcid-3c3581c1-f373-4686-aa51-f9f01c8ffd79&#8243; background_enable_color=&#8221;on&#8221; custom_padding=&#8221;4px|4px|4px|4px|true|true&#8221; global_colors_info=&#8221;{%22gcid-3c3581c1-f373-4686-aa51-f9f01c8ffd79%22:%91%22background_color%22%93}&#8221; follow_button=&#8221;off&#8221; url_new_window=&#8221;on&#8221;]instagram[\/et_pb_social_media_follow_network][et_pb_social_media_follow_network social_network=&#8221;facebook&#8221; url=&#8221;https:\/\/www.facebook.com\/profile.php?id=61581393278347&#8243; _builder_version=&#8221;4.27.4&#8243; _module_preset=&#8221;default&#8221; background_color=&#8221;#3b5998&#8243; global_colors_info=&#8221;{}&#8221; follow_button=&#8221;off&#8221; url_new_window=&#8221;on&#8221;]facebook[\/et_pb_social_media_follow_network][et_pb_social_media_follow_network social_network=&#8221;youtube&#8221; url=&#8221;https:\/\/www.youtube.com\/@DominaMParis&#8221; _builder_version=&#8221;4.27.4&#8243; _module_preset=&#8221;default&#8221; background_color=&#8221;#a82400&#8243; global_colors_info=&#8221;{}&#8221; follow_button=&#8221;off&#8221; url_new_window=&#8221;on&#8221;]youtube[\/et_pb_social_media_follow_network][\/et_pb_social_media_follow][\/et_pb_column][et_pb_column type=&#8221;1_3&#8243; _builder_version=&#8221;4.23.2&#8243; _module_preset=&#8221;default&#8221; global_colors_info=&#8221;{}&#8221;][et_pb_text _builder_version=&#8221;4.27.4&#8243; _module_preset=&#8221;fee4e57b-1a42-4158-a587-1661ddfaa355&#8243; header_5_text_color=&#8221;gcid-3c3581c1-f373-4686-aa51-f9f01c8ffd79&#8243; custom_margin=&#8221;||10px||false|false&#8221; locked=&#8221;off&#8221; global_colors_info=&#8221;{%22gcid-3c3581c1-f373-4686-aa51-f9f01c8ffd79%22:%91%22header_5_text_color%22%93}&#8221;]<\/p>\n<h3>When?<\/h3>\n<p>[\/et_pb_text][et_pb_text _builder_version=&#8221;4.27.4&#8243; _module_preset=&#8221;c99bd6b3-1c6a-4cf1-8887-694aa6f48a63&#8243; text_text_color=&#8221;gcid-75f8feef-8e89-48de-a593-3e169dc48f01&#8243; custom_margin=&#8221;||0px||false|false&#8221; locked=&#8221;off&#8221; global_colors_info=&#8221;{%22gcid-75f8feef-8e89-48de-a593-3e169dc48f01%22:%91%22text_text_color%22%93}&#8221;]<\/p>\n<p>Shorter rentls<\/p>\n<p>[\/et_pb_text][et_pb_text _builder_version=&#8221;4.27.4&#8243; _module_preset=&#8221;c99bd6b3-1c6a-4cf1-8887-694aa6f48a63&#8243; text_text_color=&#8221;gcid-75f8feef-8e89-48de-a593-3e169dc48f01&#8243; locked=&#8221;off&#8221; global_colors_info=&#8221;{%22gcid-75f8feef-8e89-48de-a593-3e169dc48f01%22:%91%22text_text_color%22%93}&#8221;]<\/p>\n<p>07h00 &#8211; 23h00<\/p>\n<p>[\/et_pb_text][et_pb_text _builder_version=&#8221;4.27.4&#8243; _module_preset=&#8221;c99bd6b3-1c6a-4cf1-8887-694aa6f48a63&#8243; text_text_color=&#8221;gcid-75f8feef-8e89-48de-a593-3e169dc48f01&#8243; custom_margin=&#8221;||0px||false|false&#8221; locked=&#8221;off&#8221; global_colors_info=&#8221;{%22gcid-75f8feef-8e89-48de-a593-3e169dc48f01%22:%91%22text_text_color%22%93}&#8221;]<\/p>\n<p>Overnight<\/p>\n<p>[\/et_pb_text][et_pb_text _builder_version=&#8221;4.27.4&#8243; _module_preset=&#8221;c99bd6b3-1c6a-4cf1-8887-694aa6f48a63&#8243; text_text_color=&#8221;gcid-75f8feef-8e89-48de-a593-3e169dc48f01&#8243; locked=&#8221;off&#8221; global_colors_info=&#8221;{%22gcid-75f8feef-8e89-48de-a593-3e169dc48f01%22:%91%22text_text_color%22%93}&#8221;]<\/p>\n<p>17h00- 10h00<\/p>\n<p>[\/et_pb_text][\/et_pb_column][et_pb_column type=&#8221;1_3&#8243; _builder_version=&#8221;4.23.2&#8243; _module_preset=&#8221;default&#8221; global_colors_info=&#8221;{}&#8221;][et_pb_button button_url=&#8221;https:\/\/dominam.as.me\/schedule\/6ea4e9fa?categories%5B%5D=Studio+X%C3%A8me+%28English%29&#8243; button_text=&#8221;Reserve your adventure&#8221; _builder_version=&#8221;4.27.4&#8243; _module_preset=&#8221;63c76274-537c-4358-acc5-e70c1a2a2b65&#8243; button_bg_color=&#8221;#1A0052&#8243; button_border_color=&#8221;gcid-fc7afca1-7302-4e55-829d-3d445387c282&#8243; global_colors_info=&#8221;{%22gcid-fc7afca1-7302-4e55-829d-3d445387c282%22:%91%22button_border_color%22%93}&#8221;][\/et_pb_button][\/et_pb_column][\/et_pb_row][et_pb_row _builder_version=&#8221;4.23.2&#8243; _module_preset=&#8221;default&#8221; global_colors_info=&#8221;{}&#8221;][et_pb_column type=&#8221;4_4&#8243; _builder_version=&#8221;4.23.2&#8243; _module_preset=&#8221;default&#8221; global_colors_info=&#8221;{}&#8221;][et_pb_text _builder_version=&#8221;4.27.4&#8243; _dynamic_attributes=&#8221;content&#8221; _module_preset=&#8221;c99bd6b3-1c6a-4cf1-8887-694aa6f48a63&#8243; text_text_color=&#8221;gcid-75f8feef-8e89-48de-a593-3e169dc48f01&#8243; text_orientation=&#8221;center&#8221; global_colors_info=&#8221;{%22gcid-75f8feef-8e89-48de-a593-3e169dc48f01%22:%91%22text_text_color%22%93}&#8221;]@ET-DC@eyJkeW5hbWljIjp0cnVlLCJjb250ZW50IjoiY3VycmVudF9kYXRlIiwic2V0dGluZ3MiOnsiYmVmb3JlIjoiQ29weXJpZ2h0IFx1MDBhOSAiLCJhZnRlciI6IiBMdXh1cmlhIFByb2R1Y3Rpb25zIiwiZGF0ZV9mb3JtYXQiOiJjdXN0b20iLCJjdXN0b21fZGF0ZV9mb3JtYXQiOiJZIiwiZW5hYmxlX2h0bWwiOiJvZmYifX0=@[\/et_pb_text][\/et_pb_column][\/et_pb_row][\/et_pb_section]<\/p>\n","protected":false},"excerpt":{"rendered":"<p>The premier BDSM dungeon and kinky love room in Paris, Studio X\u00e8me. Reserve Kinky adventures from two hours to multiple days. <\/p>\n","protected":false},"author":1,"featured_media":429,"parent":0,"menu_order":0,"comment_status":"closed","ping_status":"closed","template":"","meta":{"_et_pb_use_builder":"on","_et_pb_old_content":"","_et_gb_content_width":"","footnotes":""},"class_list":["post-431","page","type-page","status-publish","has-post-thumbnail","hentry"],"jetpack_sharing_enabled":true,"_links":{"self":[{"href":"https:\/\/bdsmloveroom.com\/en\/wp-json\/wp\/v2\/pages\/431","targetHints":{"allow":["GET"]}}],"collection":[{"href":"https:\/\/bdsmloveroom.com\/en\/wp-json\/wp\/v2\/pages"}],"about":[{"href":"https:\/\/bdsmloveroom.com\/en\/wp-json\/wp\/v2\/types\/page"}],"author":[{"embeddable":true,"href":"https:\/\/bdsmloveroom.com\/en\/wp-json\/wp\/v2\/users\/1"}],"replies":[{"embeddable":true,"href":"https:\/\/bdsmloveroom.com\/en\/wp-json\/wp\/v2\/comments?post=431"}],"version-history":[{"count":3,"href":"https:\/\/bdsmloveroom.com\/en\/wp-json\/wp\/v2\/pages\/431\/revisions"}],"predecessor-version":[{"id":460,"href":"https:\/\/bdsmloveroom.com\/en\/wp-json\/wp\/v2\/pages\/431\/revisions\/460"}],"wp:featuredmedia":[{"embeddable":true,"href":"https:\/\/bdsmloveroom.com\/en\/wp-json\/wp\/v2\/media\/429"}],"wp:attachment":[{"href":"https:\/\/bdsmloveroom.com\/en\/wp-json\/wp\/v2\/media?parent=431"}],"curies":[{"name":"wp","href":"https:\/\/api.w.org\/{rel}","templated":true}]}}